{"id":476,"date":"2025-03-14T13:48:09","date_gmt":"2025-03-14T12:48:09","guid":{"rendered":"https:\/\/dev.nomadwatchcreation.ch\/home\/"},"modified":"2026-04-02T12:33:06","modified_gmt":"2026-04-02T10:33:06","slug":"home","status":"publish","type":"page","link":"https:\/\/nomadwatchcreation.ch\/en\/","title":{"rendered":"Home"},"content":{"rendered":"\n<div style=\"background-image:url(&apos;https:\/\/nomadwatchcreation.ch\/wp-content\/uploads\/2025\/10\/nomad-watch-maker-hero-light.jpg&apos;);background-position:50% 50%;background-size:cover;\" class=\"wp-block-group alignfull home-hero has-theme-900-background-color has-background has-global-padding is-layout-constrained wp-block-group-is-layout-constrained\">\n<div class=\"wp-block-group alignfull has-global-padding is-content-justification-left is-layout-constrained wp-container-core-group-is-layout-653d8005 wp-block-group-is-layout-constrained\">\n<h1 class=\"wp-block-heading alignwide\">Offer a unique watchmaking experience to your guests<\/h1>\n\n\n\n<p>Thanks to my workshops, you can bring the exclusivity of Swiss watchmaking expertise to life within your establishment.<\/p>\n\n\n\n<div class=\"wp-block-buttons is-layout-flex wp-block-buttons-is-layout-flex\">\n<div class=\"wp-block-button\"><a class=\"wp-block-button__link has-theme-50-background-color has-background wp-element-button\" href=\"https:\/\/nomadwatchcreation.ch\/en\/contact\/\">Book a free test offer<\/a><\/div>\n<\/div>\n\n\n\n<div class=\"wp-block-group benefits mute is-content-justification-left is-layout-flex wp-container-core-group-is-layout-a2fb903d wp-block-group-is-layout-flex\">\n<p>+20 years of experience<\/p>\n\n\n\n<p>3 workshops to choose from<\/p>\n\n\n\n<p>Turnkey for your establishment<\/p>\n<\/div>\n<\/div>\n<\/div>\n\n<div class=\"wp-block-group alignfull has-900-background-color has-background has-global-padding is-layout-constrained wp-block-group-is-layout-constrained\" style=\"background:linear-gradient(360deg,rgb(48,40,31) 42%,rgb(17,14,11) 100%);padding-bottom:var(--wp--preset--spacing--xxl)\">\n<div class=\"wp-block-columns alignwide home-about is-layout-flex wp-container-core-columns-is-layout-28f84493 wp-block-columns-is-layout-flex\">\n<div class=\"wp-block-column is-layout-flow wp-block-column-is-layout-flow\" style=\"flex-basis:33.33%\">\n<figure class=\"wp-block-image size-full aspect-ratio-3-4\" data-sal=\"zoom-out\"><img alt=\"\" loading=\"lazy\" decoding=\"async\" width=\"1200\" height=\"1127\" src=\"https:\/\/nomadwatchcreation.ch\/wp-content\/uploads\/2025\/10\/emilie-donze-20-ans-experience.jpg\" alt=\"\" class=\"wp-image-383\" srcset=\"https:\/\/nomadwatchcreation.ch\/wp-content\/uploads\/2025\/10\/emilie-donze-20-ans-experience.jpg 1200w, https:\/\/nomadwatchcreation.ch\/wp-content\/uploads\/2025\/10\/emilie-donze-20-ans-experience-300x282.jpg 300w, https:\/\/nomadwatchcreation.ch\/wp-content\/uploads\/2025\/10\/emilie-donze-20-ans-experience-1024x962.jpg 1024w, https:\/\/nomadwatchcreation.ch\/wp-content\/uploads\/2025\/10\/emilie-donze-20-ans-experience-768x721.jpg 768w\" sizes=\"auto, (max-width: 1200px) 100vw, 1200px\" \/><\/figure>\n<\/div>\n\n\n\n<div class=\"wp-block-column is-vertically-aligned-center is-layout-flow wp-block-column-is-layout-flow\" style=\"flex-basis:66.66%\">\n<div class=\"wp-block-group mute is-nowrap is-layout-flex wp-container-core-group-is-layout-0d6d7291 wp-block-group-is-layout-flex\">\n<figure class=\"wp-block-image size-full is-resized\" data-sal=\"slide-up\"><img alt=\"\" decoding=\"async\" src=\"https:\/\/nomadwatchcreation.ch\/wp-content\/uploads\/2025\/10\/richard-mille.svg\" alt=\"\" class=\"wp-image-396\" style=\"width:160px\"\/><\/figure>\n\n\n\n<figure class=\"wp-block-image size-full is-resized\" data-sal-delay=\"0.2\" data-sal=\"slide-up\"><img alt=\"\" decoding=\"async\" src=\"https:\/\/nomadwatchcreation.ch\/wp-content\/uploads\/2025\/10\/greubel-forsey.svg\" alt=\"\" class=\"wp-image-397\" style=\"width:160px\"\/><\/figure>\n\n\n\n<figure class=\"wp-block-image size-full is-resized\" data-sal-delay=\"0.4\" data-sal=\"slide-up\"><img alt=\"\" decoding=\"async\" src=\"https:\/\/nomadwatchcreation.ch\/wp-content\/uploads\/2025\/10\/iwc.svg\" alt=\"\" class=\"wp-image-398\" style=\"width:100px\"\/><\/figure>\n<\/div>\n\n\n\n<h2 class=\"wp-block-heading is-style-h3\" style=\"margin-top:var(--wp--preset--spacing--s)\" data-sal-delay=\"0.5\" data-sal=\"slide-up\">More than 20 years of experience serving prestigious brands<\/h2>\n\n\n\n<p data-sal-delay=\"0.5\" data-sal=\"slide-up\">Watchmaker for over 20 years, trained with the greatest Swiss houses, I have honed excellent know-how combining rigor, attention to detail and passion. <\/p>\n\n\n\n<p data-sal-delay=\"0.5\" data-sal=\"slide-up\">With Nomad Watch Creation, I transform your establishment into a watchmaking showcase by offering exclusive itinerant workshops where your clients experience the rare privilege of creating their. own watch.<\/p>\n<\/div>\n<\/div>\n\n\n\n<div class=\"wp-block-group alignfull has-global-padding is-layout-constrained wp-block-group-is-layout-constrained\" style=\"padding-top:var(--wp--preset--spacing--xl)\">\n<h2 class=\"wp-block-heading alignfull\" data-sal=\"slide-up\">The workshops that I offer<\/h2>\n\n\n\n<div class=\"wp-block-group alignwide has-global-padding is-content-justification-left is-layout-constrained wp-container-core-group-is-layout-59b9ce32 wp-block-group-is-layout-constrained\" style=\"padding-top:var(--wp--preset--spacing--m)\">\n<p data-sal=\"slide-up\">The world of luxury Swiss watchmaking seems closed or reserved for an elite. Because watchmaking is above all a story of passion, I offer fun and accessible workshops without any prior knowledge. <\/p>\n\n\n\n<div class=\"wp-block-columns alignwide is-layout-flex wp-container-core-columns-is-layout-62b603db wp-block-columns-is-layout-flex\" style=\"margin-top:var(--wp--preset--spacing--m)\">\n<div class=\"wp-block-column is-vertically-aligned-stretch vertical-space-between is-layout-flow wp-block-column-is-layout-flow\" style=\"flex-basis:50%\">\n<div class=\"wp-block-group has-global-padding is-layout-constrained wp-block-group-is-layout-constrained\">\n<figure class=\"wp-block-image size-large\" data-sal=\"zoom-out\"><img alt=\"Atelier Itin\u00e9rante : Initiation et d\u00e9couverte. Apprenez les bases de l\u2019horlogerie en d\u00e9montant et remontant un mouvement m\u00e9canique\" loading=\"lazy\" decoding=\"async\" width=\"1024\" height=\"860\" src=\"https:\/\/nomadwatchcreation.ch\/wp-content\/uploads\/2025\/10\/atelier-initiation-decouverte-1-1-1024x860.jpg\" alt=\"\" class=\"wp-image-384\" srcset=\"https:\/\/nomadwatchcreation.ch\/wp-content\/uploads\/2025\/10\/atelier-initiation-decouverte-1-1-1024x860.jpg 1024w, https:\/\/nomadwatchcreation.ch\/wp-content\/uploads\/2025\/10\/atelier-initiation-decouverte-1-1-300x252.jpg 300w, https:\/\/nomadwatchcreation.ch\/wp-content\/uploads\/2025\/10\/atelier-initiation-decouverte-1-1-768x645.jpg 768w, https:\/\/nomadwatchcreation.ch\/wp-content\/uploads\/2025\/10\/atelier-initiation-decouverte-1-1.jpg 1200w\" sizes=\"auto, (max-width: 1024px) 100vw, 1024px\" \/><\/figure>\n\n\n\n<h3 class=\"wp-block-heading is-style-h4 has-ns-icon has-ns-icon-position-before has-ns-icon-direction-column\" data-sal=\"slide-up\" style=\"--ns-icon-url: url('https:\/\/nomadwatchcreation.ch\/wp-content\/themes\/newslang\/assets\/icons\/icon-atelier-initiation.svg'); --ns-icon-size: 1.3em; --ns-icon-gap: 0.5em; --ns-icon-color: var(--wp--custom--color--accent);\">Introduction &amp; Discovery<\/h3>\n\n\n\n<p data-sal=\"slide-up\">Learn the basics of watchmaking by dismantling and reassembling a mechanical movement, explore the different components and understand what makes a timepiece tick.<\/p>\n<\/div>\n\n\n\n<div class=\"wp-block-group has-global-padding is-layout-constrained wp-block-group-is-layout-constrained\" data-sal=\"slide-up\">\n<p><strong>CHF 350<\/strong><\/p>\n\n\n\n<p class=\"mute\" style=\"margin-top:0\">Duration: 2.5 hours<\/p>\n\n\n\n<div class=\"wp-block-buttons is-layout-flex wp-block-buttons-is-layout-flex\" data-sal=\"zoom-out\">\n<div class=\"wp-block-button\"><a class=\"wp-block-button__link wp-element-button\" href=\"https:\/\/nomadwatchcreation.ch\/en\/contact\/?subject=test\">Try this offer<\/a><\/div>\n<\/div>\n<\/div>\n<\/div>\n\n\n\n<div class=\"wp-block-column is-vertically-aligned-stretch vertical-space-between is-layout-flow wp-block-column-is-layout-flow\" style=\"flex-basis:50%\">\n<div class=\"wp-block-group has-global-padding is-layout-constrained wp-block-group-is-layout-constrained\">\n<figure class=\"wp-block-image size-large\" data-sal-delay=\"0.3\" data-sal=\"zoom-out\"><img alt=\"Ateleir itin\u00e9rant : Immersif de Luxe. Dans un cadre intimiste, d\u00e9couvrez l\u2019art de la cr\u00e9ation horlog\u00e8re et offrez-vous le luxe de cr\u00e9er votre propre montre enti\u00e8rement personnalis\u00e9e\" loading=\"lazy\" decoding=\"async\" width=\"1024\" height=\"860\" src=\"https:\/\/nomadwatchcreation.ch\/wp-content\/uploads\/2025\/10\/atelier-immersif-luxe-1-1-1024x860.jpg\" alt=\"\" class=\"wp-image-385\" srcset=\"https:\/\/nomadwatchcreation.ch\/wp-content\/uploads\/2025\/10\/atelier-immersif-luxe-1-1-1024x860.jpg 1024w, https:\/\/nomadwatchcreation.ch\/wp-content\/uploads\/2025\/10\/atelier-immersif-luxe-1-1-300x252.jpg 300w, https:\/\/nomadwatchcreation.ch\/wp-content\/uploads\/2025\/10\/atelier-immersif-luxe-1-1-768x645.jpg 768w, https:\/\/nomadwatchcreation.ch\/wp-content\/uploads\/2025\/10\/atelier-immersif-luxe-1-1.jpg 1200w\" sizes=\"auto, (max-width: 1024px) 100vw, 1024px\" \/><\/figure>\n\n\n\n<h3 class=\"wp-block-heading is-style-h4 has-ns-icon has-ns-icon-position-before has-ns-icon-direction-column\" data-sal-delay=\"0.3\" data-sal=\"slide-up\" style=\"--ns-icon-url: url('https:\/\/nomadwatchcreation.ch\/wp-content\/themes\/newslang\/assets\/icons\/icon-atelier-immersif.svg'); --ns-icon-size: 1.3em; --ns-icon-gap: 0.5em; --ns-icon-color: var(--wp--custom--color--accent);\">Luxury Immersive Workshop<\/h3>\n\n\n\n<p data-sal-delay=\"0.3\" data-sal=\"slide-up\">In an intimate setting, discover the art of watchmaking and indulge in the luxury of creating your own entirely personalized watch. Every choice &#8211; from the movement to the final engraving &#8211; expresses your uniqueness. Leave with an exceptional watch, crafted in your own image.  <\/p>\n<\/div>\n\n\n\n<div class=\"wp-block-group has-global-padding is-layout-constrained wp-block-group-is-layout-constrained\">\n<p data-sal-delay=\"0.3\" data-sal=\"slide-up\"><strong>CHF 2&#8217;290<\/strong><\/p>\n\n\n\n<p class=\"mute\" style=\"margin-top:0\">Duration : 4 hours<\/p>\n\n\n\n<div class=\"wp-block-buttons is-layout-flex wp-block-buttons-is-layout-flex\" data-sal=\"zoom-out\">\n<div class=\"wp-block-button is-style-secondary\"><a class=\"wp-block-button__link wp-element-button\" href=\"https:\/\/nomadwatchcreation.ch\/en\/contact\/?subject=book&amp;message=Atelier Immersif de Luxe\">Book<\/a><\/div>\n<\/div>\n<\/div>\n<\/div>\n<\/div>\n\n\n\n<div class=\"wp-block-group alignwide stack-mobile is-nowrap is-layout-flex wp-container-core-group-is-layout-31608b3b wp-block-group-is-layout-flex\">\n<figure class=\"wp-block-image size-large\" data-sal-delay=\"0.6\" data-sal=\"zoom-out\"><img alt=\"Atelier Itin\u00e9rant - Exp\u00e9rience Signature : L\u2019Art du Temps. D\u00e9couvrez l\u2019excellence horlog\u00e8re lors d\u2019une journ\u00e9e hors du temps.\" loading=\"lazy\" decoding=\"async\" width=\"1024\" height=\"860\" src=\"https:\/\/nomadwatchcreation.ch\/wp-content\/uploads\/2025\/10\/atelier-experience-premium-1-1-1024x860.jpg\" alt=\"\" class=\"wp-image-386\" srcset=\"https:\/\/nomadwatchcreation.ch\/wp-content\/uploads\/2025\/10\/atelier-experience-premium-1-1-1024x860.jpg 1024w, https:\/\/nomadwatchcreation.ch\/wp-content\/uploads\/2025\/10\/atelier-experience-premium-1-1-300x252.jpg 300w, https:\/\/nomadwatchcreation.ch\/wp-content\/uploads\/2025\/10\/atelier-experience-premium-1-1-768x645.jpg 768w, https:\/\/nomadwatchcreation.ch\/wp-content\/uploads\/2025\/10\/atelier-experience-premium-1-1.jpg 1200w\" sizes=\"auto, (max-width: 1024px) 100vw, 1024px\" \/><\/figure>\n\n\n\n<div class=\"wp-block-group is-layout-flow wp-block-group-is-layout-flow\" data-sal-delay=\"0.3\" data-sal=\"slide-up\">\n<h3 class=\"wp-block-heading is-style-h4 has-ns-icon has-ns-icon-position-before has-ns-icon-direction-column\" data-sal-delay=\"0.6\" data-sal=\"slide-up\" style=\"--ns-icon-url: url('https:\/\/nomadwatchcreation.ch\/wp-content\/themes\/newslang\/assets\/icons\/icon-atelier-premium.svg'); --ns-icon-size: 1.3em; --ns-icon-gap: 0.5em; --ns-icon-color: var(--wp--custom--color--accent);\">Signature Experience<br\/>The Art Of Time<\/h3>\n\n\n\n<p data-sal-delay=\"0.6\" data-sal=\"slide-up\">Discover watchmaking excellence during a full day out of time.<\/p>\n\n\n\n<p>In the morning, learn about the precision and beauty of watchmaking gestures. In the afternoon, design your own bespoke watch, shaped according to your wishes and personalized with a unique engraving. <\/p>\n\n\n\n<p>A carefully orchestrated gourmet lunch completes this refined interlude.<\/p>\n\n\n\n<p data-sal-delay=\"0.6\" data-sal=\"slide-up\">At the end of the experience, you&#8217;ll leave with an exclusive creation that reflects your elegance and attention to detail.<\/p>\n\n\n\n<p><strong>CHF 2&#8217;690<\/strong><\/p>\n\n\n\n<p class=\"mute\" style=\"margin-top:0\">Duration : 8 hours<\/p>\n\n\n\n<div class=\"wp-block-buttons is-layout-flex wp-block-buttons-is-layout-flex\" data-sal=\"zoom-out\">\n<div class=\"wp-block-button is-style-secondary\"><a class=\"wp-block-button__link wp-element-button\" href=\"https:\/\/nomadwatchcreation.ch\/en\/contact\/?subject=book&amp;message=Atelier Exp&#xE9;rience Signature\">Book<\/a><\/div>\n<\/div>\n<\/div>\n<\/div>\n<\/div>\n\n\n\n<div class=\"wp-block-columns alignwide are-vertically-aligned-center is-layout-flex wp-container-core-columns-is-layout-3541df9d wp-block-columns-is-layout-flex\" style=\"margin-top:var(--wp--preset--spacing--xxl)\">\n<div class=\"wp-block-column is-vertically-aligned-center is-layout-flow wp-block-column-is-layout-flow\">\n<h3 class=\"wp-block-heading\" data-sal=\"slide-up\">Tailor-made watches for your customers<\/h3>\n\n\n\n<p data-sal=\"slide-up\">At the end of the watchmaking workshops<strong>,<\/strong> participants will leave with a unique model customized to their preferences: <strong>dial, hands, case, and strap.<\/strong><\/p>\n\n\n\n<h4 class=\"wp-block-heading is-style-h5\" data-sal=\"slide-up\">But not only<\/h4>\n\n\n\n<p data-sal=\"slide-up\">More than just its appearance, your customers will have a choice of<strong>4 Swiss Made movements<\/strong> to compose the heart of their watch:<\/p>\n\n\n\n<ul class=\"wp-block-list is-style-bordered\">\n<li>Mechanical movement 6497<\/li>\n\n\n\n<li>Mechanical movement AR 165<\/li>\n\n\n\n<li>Automatic movement SW 200-1<\/li>\n\n\n\n<li>Automatic chronograph movement SW 500<\/li>\n<\/ul>\n\n\n\n<div class=\"wp-block-buttons is-layout-flex wp-block-buttons-is-layout-flex\">\n<div class=\"wp-block-button is-style-secondary\"><a class=\"wp-block-button__link wp-element-button\" href=\"https:\/\/nomadwatchcreation.ch\/en\/travelling-workshops\/#mouvements\">Discover movements<\/a><\/div>\n<\/div>\n<\/div>\n\n\n\n<div class=\"wp-block-column is-vertically-aligned-center is-layout-flow wp-block-column-is-layout-flow\">\n<figure class=\"wp-block-image size-full aspect-ratio-1-1\" data-sal=\"zoom-out\"><img alt=\"\" loading=\"lazy\" decoding=\"async\" width=\"1000\" height=\"1000\" src=\"https:\/\/nomadwatchcreation.ch\/wp-content\/uploads\/2025\/10\/montre-sur-mesure-composants.jpg\" alt=\"\" class=\"wp-image-388\" srcset=\"https:\/\/nomadwatchcreation.ch\/wp-content\/uploads\/2025\/10\/montre-sur-mesure-composants.jpg 1000w, https:\/\/nomadwatchcreation.ch\/wp-content\/uploads\/2025\/10\/montre-sur-mesure-composants-300x300.jpg 300w, https:\/\/nomadwatchcreation.ch\/wp-content\/uploads\/2025\/10\/montre-sur-mesure-composants-150x150.jpg 150w, https:\/\/nomadwatchcreation.ch\/wp-content\/uploads\/2025\/10\/montre-sur-mesure-composants-768x768.jpg 768w\" sizes=\"auto, (max-width: 1000px) 100vw, 1000px\" \/><\/figure>\n<\/div>\n<\/div>\n<\/div>\n<\/div>\n\n<div class=\"wp-block-group alignfull has-global-padding is-layout-constrained wp-block-group-is-layout-constrained\" style=\"padding-bottom:var(--wp--preset--spacing--xxl)\">\n<h2 class=\"wp-block-heading alignfull\" data-sal=\"slide-up\">Directly in your establishment<\/h2>\n\n\n\n<div class=\"wp-block-group alignwide is-layout-flow wp-block-group-is-layout-flow\">\n<p data-sal=\"slide-up\">Transform your establishment into a preferred destination for luxury watches.<\/p>\n\n\n\n<p data-sal=\"slide-up\">My exclusive watchmaking workshops offer your clients access to authentic Swiss know-how, creating unforgettable moments that will set your establishment apart in the luxury hospitality market.<\/p>\n\n\n\n<div class=\"wp-block-buttons hide-smaller-lg is-layout-flex wp-block-buttons-is-layout-flex\" style=\"margin-top:var(--wp--preset--spacing--default)\">\n<div class=\"wp-block-button\" data-sal=\"zoom-out\"><a class=\"wp-block-button__link wp-element-button\" href=\"https:\/\/nomadwatchcreation.ch\/en\/contact\/\">Book a free test offer<\/a><\/div>\n<\/div>\n<\/div>\n\n\n\n<div class=\"wp-block-columns alignwide are-vertically-aligned-center home-hotel-benefits is-layout-flex wp-container-core-columns-is-layout-28f84493 wp-block-columns-is-layout-flex\">\n<div class=\"wp-block-column is-vertically-aligned-center is-layout-flow wp-block-column-is-layout-flow\" style=\"flex-basis:33.33%\">\n<figure class=\"wp-block-image size-full aspect-ratio-3-4\" data-sal=\"zoom-out\"><img alt=\"\" loading=\"lazy\" decoding=\"async\" width=\"1200\" height=\"800\" src=\"https:\/\/nomadwatchcreation.ch\/wp-content\/uploads\/2025\/10\/nos-ateliers-directement-dans-votre-etablissement.jpg\" alt=\"\" class=\"wp-image-389\" srcset=\"https:\/\/nomadwatchcreation.ch\/wp-content\/uploads\/2025\/10\/nos-ateliers-directement-dans-votre-etablissement.jpg 1200w, https:\/\/nomadwatchcreation.ch\/wp-content\/uploads\/2025\/10\/nos-ateliers-directement-dans-votre-etablissement-300x200.jpg 300w, https:\/\/nomadwatchcreation.ch\/wp-content\/uploads\/2025\/10\/nos-ateliers-directement-dans-votre-etablissement-1024x683.jpg 1024w, https:\/\/nomadwatchcreation.ch\/wp-content\/uploads\/2025\/10\/nos-ateliers-directement-dans-votre-etablissement-768x512.jpg 768w\" sizes=\"auto, (max-width: 1200px) 100vw, 1200px\" \/><\/figure>\n<\/div>\n\n\n\n<div class=\"wp-block-column is-vertically-aligned-center is-layout-flow wp-container-core-column-is-layout-c3b78bff wp-block-column-is-layout-flow\">\n<div class=\"wp-block-group grid-2 is-layout-grid wp-container-core-group-is-layout-a0169ff3 wp-block-group-is-layout-grid\">\n<div class=\"wp-block-group is-vertical is-layout-flex wp-container-core-group-is-layout-fe9cc265 wp-block-group-is-layout-flex\" data-sal=\"slide-left\">\n<h3 class=\"wp-block-heading is-style-h5 has-ns-icon has-ns-icon-position-before has-ns-icon-direction-column\" style=\"--ns-icon-url: url('https:\/\/nomadwatchcreation.ch\/wp-content\/themes\/newslang\/assets\/icons\/icon-cle-en-main.svg'); --ns-icon-size: 1.8em; --ns-icon-gap: 0.5em; --ns-icon-color: var(--wp--custom--color--accent);\">Turnkey offer<\/h3>\n\n\n\n<p>All materials, components and expertise are provided. My workshops take place right on your premises, in complete autonomy. Without disturbing your teams or adding to your administrative workload.  <\/p>\n<\/div>\n\n\n\n<div class=\"wp-block-group is-vertical is-layout-flex wp-container-core-group-is-layout-fe9cc265 wp-block-group-is-layout-flex\" data-sal=\"slide-left\">\n<h3 class=\"wp-block-heading is-style-h5 has-ns-icon has-ns-icon-position-before has-ns-icon-direction-column\" style=\"--ns-icon-url: url('https:\/\/nomadwatchcreation.ch\/wp-content\/themes\/newslang\/assets\/icons\/icon-itinerant.svg'); --ns-icon-size: 1.8em; --ns-icon-gap: 0.5em; --ns-icon-color: var(--wp--custom--color--accent);\">Roaming service<\/h3>\n\n\n\n<p>My offer is effortless for your customers: I come to them myself at the agreed date and time. Friction-free, with the impression that you have composed these workshops yourself. <\/p>\n<\/div>\n\n\n\n<div class=\"wp-block-group is-vertical is-layout-flex wp-container-core-group-is-layout-fe9cc265 wp-block-group-is-layout-flex\" data-sal=\"slide-left\">\n<h3 class=\"wp-block-heading is-style-h5 has-ns-icon has-ns-icon-position-before has-ns-icon-direction-column\" style=\"--ns-icon-url: url('https:\/\/nomadwatchcreation.ch\/wp-content\/themes\/newslang\/assets\/icons\/icon-value.svg'); --ns-icon-size: 1.8em; --ns-icon-gap: 0.5em; --ns-icon-color: var(--wp--custom--color--accent);\">Valuation<\/h3>\n\n\n\n<p>Associating your establishment with Swiss watchmaking art strengthens your high-end positioning in addition to your brand image on the Swiss know-how market.<\/p>\n<\/div>\n\n\n\n<div class=\"wp-block-group is-vertical is-layout-flex wp-container-core-group-is-layout-fe9cc265 wp-block-group-is-layout-flex\" data-sal=\"slide-left\">\n<h3 class=\"wp-block-heading is-style-h5 has-ns-icon has-ns-icon-position-before has-ns-icon-direction-column\" style=\"--ns-icon-url: url('https:\/\/nomadwatchcreation.ch\/wp-content\/themes\/newslang\/assets\/icons\/icon-fidelisation.svg'); --ns-icon-size: 1.8em; --ns-icon-gap: 0.5em; --ns-icon-color: var(--wp--custom--color--accent);\">Loyalty<\/h3>\n\n\n\n<p>By offering this unique and memorable experience, you indirectly encourage your customers to return and recommend your establishment.<\/p>\n<\/div>\n<\/div>\n\n\n\n<div class=\"wp-block-buttons is-layout-flex wp-block-buttons-is-layout-flex\">\n<div class=\"wp-block-button show-smaller-lg\"><a class=\"wp-block-button__link wp-element-button\" href=\"mailto:info@nomadwatchcreation.ch?subject=Demande d'une offre de test\">Book a free test offer<\/a><\/div>\n<\/div>\n<\/div>\n<\/div>\n<\/div>\n\n<div class=\"wp-block-columns alignfull has-theme-900-background-color has-background is-layout-flex wp-container-core-columns-is-layout-d5213808 wp-block-columns-is-layout-flex\" style=\"margin-top:0;margin-bottom:var(--wp--preset--spacing--l)\">\n<div class=\"wp-block-column has-global-padding is-layout-constrained wp-block-column-is-layout-constrained\">\n<div class=\"wp-block-columns alignwide is-layout-flex wp-container-core-columns-is-layout-28f84493 wp-block-columns-is-layout-flex\">\n<div class=\"wp-block-column is-layout-flow wp-block-column-is-layout-flow\">\n<h2 class=\"wp-block-heading is-style-h3\" data-sal=\"slide-up\">April 10, 2026, HQ Bussigny<\/h2>\n<\/div>\n\n\n\n<div class=\"wp-block-column is-layout-flow wp-block-column-is-layout-flow\">\n<p data-sal=\"slide-up\">Discover our exclusive watchmaking workshops on April 10, 2026. You&#8217;ll be welcomed into the friendly QG Center in Bussigny. During these refined, hands-on sessions, learn traditional techniques, dismantle and reassemble a mechanical movement. An intimate experience combining expertise, luxury and personalized attention.   <\/p>\n\n\n\n<div class=\"wp-block-buttons is-layout-flex wp-block-buttons-is-layout-flex\">\n<div class=\"wp-block-button\" data-sal=\"zoom-out\"><a class=\"wp-block-button__link wp-element-button\" href=\"https:\/\/nomadwatchcreation.ch\/en\/contact\/\">Book your seat<\/a><\/div>\n<\/div>\n<\/div>\n<\/div>\n<\/div>\n<\/div>\n","protected":false},"excerpt":{"rendered":"<p>Offer a unique watchmaking experience to your guests Thanks to my workshops, you can bring the exclusivity of Swiss watchmaking expertise to life within your establishment. +20 years of experience 3 workshops to choose from Turnkey for your establishment More than 20 years of experience serving prestigious brands Watchmaker for over 20 years, trained with [&hellip;]<\/p>\n","protected":false},"author":1,"featured_media":0,"parent":0,"menu_order":0,"comment_status":"closed","ping_status":"closed","template":"","meta":{"_seopress_robots_primary_cat":"","_seopress_titles_title":"%%tagline%% %%sep%% %%sitetitle%%","_seopress_titles_desc":"Offrez \u00e0 vos h\u00f4tes une exp\u00e9rience horlog\u00e8re suisse unique : des ateliers itin\u00e9rants haut de gamme, anim\u00e9s directement dans votre \u00e9tablissement.","_seopress_robots_index":"","footnotes":""},"class_list":["post-476","page","type-page","status-publish","hentry"],"_links":{"self":[{"href":"https:\/\/nomadwatchcreation.ch\/en\/wp-json\/wp\/v2\/pages\/476","targetHints":{"allow":["GET"]}}],"collection":[{"href":"https:\/\/nomadwatchcreation.ch\/en\/wp-json\/wp\/v2\/pages"}],"about":[{"href":"https:\/\/nomadwatchcreation.ch\/en\/wp-json\/wp\/v2\/types\/page"}],"author":[{"embeddable":true,"href":"https:\/\/nomadwatchcreation.ch\/en\/wp-json\/wp\/v2\/users\/1"}],"replies":[{"embeddable":true,"href":"https:\/\/nomadwatchcreation.ch\/en\/wp-json\/wp\/v2\/comments?post=476"}],"version-history":[{"count":31,"href":"https:\/\/nomadwatchcreation.ch\/en\/wp-json\/wp\/v2\/pages\/476\/revisions"}],"predecessor-version":[{"id":901,"href":"https:\/\/nomadwatchcreation.ch\/en\/wp-json\/wp\/v2\/pages\/476\/revisions\/901"}],"wp:attachment":[{"href":"https:\/\/nomadwatchcreation.ch\/en\/wp-json\/wp\/v2\/media?parent=476"}],"curies":[{"name":"wp","href":"https:\/\/api.w.org\/{rel}","templated":true}]}}